{"id":30549,"date":"2025-11-19T13:03:20","date_gmt":"2025-11-19T12:03:20","guid":{"rendered":"https:\/\/vedruna.org\/30549-2\/"},"modified":"2025-11-24T11:11:23","modified_gmt":"2025-11-24T10:11:23","slug":"30549-2","status":"publish","type":"page","link":"https:\/\/vedruna.org\/ca\/30549-2\/","title":{"rendered":"Casa Manso"},"content":{"rendered":"<p>[et_pb_section fb_built=&#8221;1&#8243; next_background_color=&#8221;#7F2629&#8243; _builder_version=&#8221;4.27.4&#8243; _module_preset=&#8221;default&#8221; use_background_color_gradient=&#8221;on&#8221; background_color_gradient_direction=&#8221;90deg&#8221; background_color_gradient_stops=&#8221;rgba(0,0,0,0.4) 0%|rgba(0,0,0,0) 100%&#8221; background_image=&#8221;https:\/\/vedruna.org\/wp-content\/uploads\/2025\/11\/casa-manso-vedrunas.jpg&#8221; background_blend=&#8221;overlay&#8221; custom_padding=&#8221;20vw||4vw||false|false&#8221; bottom_divider_style=&#8221;ramp&#8221; bottom_divider_flip=&#8221;horizontal&#8221; da_disable_devices=&#8221;off|off|off&#8221; global_colors_info=&#8221;{}&#8221; da_is_popup=&#8221;off&#8221; da_exit_intent=&#8221;off&#8221; da_has_close=&#8221;on&#8221; da_alt_close=&#8221;off&#8221; da_dark_close=&#8221;off&#8221; da_not_modal=&#8221;on&#8221; da_is_singular=&#8221;off&#8221; da_with_loader=&#8221;off&#8221; da_has_shadow=&#8221;on&#8221;][et_pb_row _builder_version=&#8221;4.17.0&#8243; _module_preset=&#8221;default&#8221; global_colors_info=&#8221;{}&#8221;][et_pb_column type=&#8221;4_4&#8243; _builder_version=&#8221;4.17.0&#8243; _module_preset=&#8221;default&#8221; global_colors_info=&#8221;{}&#8221;][et_pb_text _builder_version=&#8221;4.18.0&#8243; _module_preset=&#8221;default&#8221; header_font=&#8221;|700|||||||&#8221; header_text_color=&#8221;#FFFFFF&#8221; header_font_size=&#8221;50px&#8221; header_font_size_tablet=&#8221;36px&#8221; header_font_size_phone=&#8221;30px&#8221; header_font_size_last_edited=&#8221;on|desktop&#8221; global_colors_info=&#8221;{}&#8221;]<\/p>\n<h1>Casa Manso Joaquina de Vedruna<\/h1>\n<p>[\/et_pb_text][\/et_pb_column][\/et_pb_row][\/et_pb_section][et_pb_section fb_built=&#8221;1&#8243; admin_label=&#8221;About&#8221; _builder_version=&#8221;4.19.5&#8243; background_color=&#8221;#7F2629&#8243; background_color_gradient_start=&#8221;#ffffff&#8221; background_color_gradient_end=&#8221;#f4f4f4&#8243; custom_margin=&#8221;||||false|false&#8221; custom_padding=&#8221;6vw||9vw||false|false&#8221; bottom_divider_style=&#8221;curve&#8221; bottom_divider_color=&#8221;#ffffff&#8221; bottom_divider_height=&#8221;12vw&#8221; da_disable_devices=&#8221;off|off|off&#8221; locked=&#8221;off&#8221; global_colors_info=&#8221;{}&#8221; da_is_popup=&#8221;off&#8221; da_exit_intent=&#8221;off&#8221; da_has_close=&#8221;on&#8221; da_alt_close=&#8221;off&#8221; da_dark_close=&#8221;off&#8221; da_not_modal=&#8221;on&#8221; da_is_singular=&#8221;off&#8221; da_with_loader=&#8221;off&#8221; da_has_shadow=&#8221;on&#8221;][et_pb_row column_structure=&#8221;1_4,3_4&#8243; make_equal=&#8221;on&#8221; _builder_version=&#8221;4.19.4&#8243; custom_padding=&#8221;25px|||||&#8221; animation_style=&#8221;slide&#8221; animation_duration=&#8221;1100ms&#8221; global_colors_info=&#8221;{}&#8221;][et_pb_column type=&#8221;1_4&#8243; _builder_version=&#8221;4.16&#8243; global_colors_info=&#8221;{}&#8221;][et_pb_image src=&#8221;https:\/\/vedruna.org\/wp-content\/uploads\/2025\/11\/ESTRELLA_LOGO_VEDRUNA2.png&#8221; title_text=&#8221;ESTRELLA_LOGO_VEDRUNA2&#8243; _builder_version=&#8221;4.27.4&#8243; _module_preset=&#8221;default&#8221; width=&#8221;200px&#8221; width_tablet=&#8221;100px&#8221; width_phone=&#8221;80px&#8221; width_last_edited=&#8221;on|phone&#8221; module_alignment=&#8221;center&#8221; filter_invert=&#8221;100%&#8221; global_colors_info=&#8221;{}&#8221;][\/et_pb_image][\/et_pb_column][et_pb_column type=&#8221;3_4&#8243; _builder_version=&#8221;4.19.4&#8243; custom_css_main_element=&#8221;margin: auto;&#8221; global_colors_info=&#8221;{}&#8221;][et_pb_text _builder_version=&#8221;4.27.4&#8243; text_font=&#8221;||||||||&#8221; text_text_color=&#8221;#FFFFFF&#8221; text_font_size=&#8221;18px&#8221; text_line_height=&#8221;1.8em&#8221; header_2_font=&#8221;|700|||||||&#8221; header_2_text_color=&#8221;#7F2629&#8243; header_2_font_size=&#8221;36px&#8221; header_5_font=&#8221;|300|||||||&#8221; header_5_text_color=&#8221;#7F2629&#8243; header_5_font_size=&#8221;21px&#8221; background_layout=&#8221;dark&#8221; text_font_size_tablet=&#8221;&#8221; text_font_size_phone=&#8221;14px&#8221; text_font_size_last_edited=&#8221;on|phone&#8221; global_colors_info=&#8221;{}&#8221;]<\/p>\n<p>Aquest espai no \u00e9s un museu. \u00c9s una <strong>casa<\/strong> . <br \/>Una casa amb <strong>mem\u00f2ria<\/strong> , amb parets que han escoltat i terres que han sentit els passos d&#8217;una vida plena.<br \/>Aqu\u00ed no hi haur\u00e0 reconstrucci\u00f3 ni ficci\u00f3: aquesta \u00e9s <strong>la casa reial de Joaquima, on va viure, va estimar i va comen\u00e7ar a transformar el m\u00f3n.<\/strong><br \/> A Casa Manso no hi haur\u00e0 un recorregut cronol\u00f2gic ni convencional.<br \/>Com passa amb els records, es podr\u00e0 entrar i sortir de les estades lliurement, avan\u00e7ar, retrocedir, deixar-se guiar per la intu\u00efci\u00f3.<br \/>Cada espai parlar\u00e0: la cuina, la cel\u00b7la de Joaquima, el jard\u00ed\u2026 No nom\u00e9s seran escenaris, sin\u00f3 pres\u00e8ncies vives que guarden el batec d&#8217; <strong>una vida habitada per D\u00e9u<\/strong> , una vida que va aprendre a descobrir-lo en tot.<br \/>A cada rac\u00f3 es podr\u00e0 sentir com Joaquima es deixa impregnar per l&#8217;entorn i com, guiada per <strong>la llum del bon Jes\u00fas<\/strong> , torna al m\u00f3n una acci\u00f3 que transforma i d\u00f3na vida.<br \/>Aquesta casa no nom\u00e9s ens convida a mirar el passat, sin\u00f3 que obre finestres al present i al futur.<br \/>Ser\u00e0 un espai per <strong>escoltar<\/strong> , per <strong>sentir<\/strong> i per deixar-se <strong>inspirar<\/strong> .<br \/>En aquest mateix lloc, on Joaquima va habitar i el Carisma Vedruna va anar prenent forma, va brollar una llavor que avui continua donant fruit i que ens impulsa a seguir sembrant-la amb esperan\u00e7a pel m\u00f3n.<br \/>Deixeu que la casa us parli.<br \/>Deixeu-vos portar\u2026<\/p>\n<p>[\/et_pb_text][\/et_pb_column][\/et_pb_row][\/et_pb_section][et_pb_section fb_built=&#8221;1&#8243; _builder_version=&#8221;4.19.5&#8243; _module_preset=&#8221;default&#8221; custom_margin=&#8221;||||false|false&#8221; custom_padding=&#8221;||||false|false&#8221; bottom_divider_height=&#8221;200px&#8221; bottom_divider_flip=&#8221;horizontal&#8221; bottom_divider_arrangement=&#8221;above_content&#8221; da_disable_devices=&#8221;off|off|off&#8221; global_colors_info=&#8221;{}&#8221; da_is_popup=&#8221;off&#8221; da_exit_intent=&#8221;off&#8221; da_has_close=&#8221;on&#8221; da_alt_close=&#8221;off&#8221; da_dark_close=&#8221;off&#8221; da_not_modal=&#8221;on&#8221; da_is_singular=&#8221;off&#8221; da_with_loader=&#8221;off&#8221; da_has_shadow=&#8221;on&#8221;][et_pb_row column_structure=&#8221;1_3,1_3,1_3&#8243; custom_padding_last_edited=&#8221;on|phone&#8221; _builder_version=&#8221;4.19.4&#8243; _module_preset=&#8221;default&#8221; z_index=&#8221;10&#8243; custom_margin=&#8221;||||false|false&#8221; custom_padding=&#8221;||6vw||false|false&#8221; custom_padding_tablet=&#8221;||12vw||false|false&#8221; custom_padding_phone=&#8221;||20vw||false|false&#8221; locked=&#8221;off&#8221; global_colors_info=&#8221;{}&#8221;][et_pb_column type=&#8221;1_3&#8243; _builder_version=&#8221;4.19.4&#8243; _module_preset=&#8221;default&#8221; global_colors_info=&#8221;{}&#8221;][et_pb_testimonial quote_icon_color=&#8221;#7F2629&#8243; quote_icon_background_color=&#8221;#E0D0A6&#8243; font_icon=&#8221;&#xe0f5;||divi||400&#8243; _builder_version=&#8221;4.27.4&#8243; _module_preset=&#8221;default&#8221; background_color=&#8221;rgba(224,208,166,0.24)&#8221; global_colors_info=&#8221;{}&#8221;]<\/p>\n<p>Aquesta no \u00e9s un museu, \u00e9s una casa amb mem\u00f2ria.<\/p>\n<p>[\/et_pb_testimonial][et_pb_testimonial quote_icon_color=&#8221;#7F2629&#8243; quote_icon_background_color=&#8221;#E0D0A6&#8243; font_icon=&#8221;&#xe0f5;||divi||400&#8243; _builder_version=&#8221;4.27.4&#8243; _module_preset=&#8221;default&#8221; background_color=&#8221;rgba(224,208,166,0.24)&#8221; global_colors_info=&#8221;{}&#8221;]<\/p>\n<p>Cada espai \u00e9s un testimoni viu: la cuina, la cel\u00b7la, el jard\u00ed&#8230;<\/p>\n<p>[\/et_pb_testimonial][\/et_pb_column][et_pb_column type=&#8221;1_3&#8243; _builder_version=&#8221;4.19.4&#8243; _module_preset=&#8221;default&#8221; global_colors_info=&#8221;{}&#8221;][et_pb_testimonial quote_icon_color=&#8221;#7F2629&#8243; quote_icon_background_color=&#8221;#E0D0A6&#8243; font_icon=&#8221;&#xe0f5;||divi||400&#8243; _builder_version=&#8221;4.27.4&#8243; _module_preset=&#8221;default&#8221; background_color=&#8221;rgba(224,208,166,0.24)&#8221; global_colors_info=&#8221;{}&#8221;]<\/p>\n<p>Aqu\u00ed hi ha la casa reial de Joaquima, on va transformar el m\u00f3n.<\/p>\n<p>[\/et_pb_testimonial][et_pb_testimonial quote_icon_color=&#8221;#7F2629&#8243; quote_icon_background_color=&#8221;#E0D0A6&#8243; font_icon=&#8221;&#xe0f5;||divi||400&#8243; _builder_version=&#8221;4.27.4&#8243; _module_preset=&#8221;default&#8221; background_color=&#8221;rgba(224,208,166,0.24)&#8221; global_colors_info=&#8221;{}&#8221;]<\/p>\n<p>Aquesta casa us convida a mirar el passat, el present i el futur. Deixa&#8217;t inspirar. <\/p>\n<p>[\/et_pb_testimonial][\/et_pb_column][et_pb_column type=&#8221;1_3&#8243; _builder_version=&#8221;4.19.4&#8243; _module_preset=&#8221;default&#8221; global_colors_info=&#8221;{}&#8221;][et_pb_testimonial quote_icon_color=&#8221;#7F2629&#8243; quote_icon_background_color=&#8221;#E0D0A6&#8243; font_icon=&#8221;&#xe0f5;||divi||400&#8243; _builder_version=&#8221;4.27.4&#8243; _module_preset=&#8221;default&#8221; background_color=&#8221;rgba(224,208,166,0.24)&#8221; global_colors_info=&#8221;{}&#8221;]<\/p>\n<p>No hi haur\u00e0 recorregut cronol\u00f2gic; deixa&#8217;t portar per la intu\u00efci\u00f3.<\/p>\n<p>[\/et_pb_testimonial][et_pb_testimonial quote_icon_color=&#8221;#7F2629&#8243; quote_icon_background_color=&#8221;#E0D0A6&#8243; font_icon=&#8221;&#xe0f5;||divi||400&#8243; _builder_version=&#8221;4.27.4&#8243; _module_preset=&#8221;default&#8221; background_color=&#8221;rgba(224,208,166,0.24)&#8221; global_colors_info=&#8221;{}&#8221;]<\/p>\n<p>Deixeu que la casa us parli i us inspiri a transformar el vostre propi m\u00f3n.<\/p>\n<p>[\/et_pb_testimonial][\/et_pb_column][\/et_pb_row][\/et_pb_section][et_pb_section fb_built=&#8221;1&#8243; fullwidth=&#8221;on&#8221; _builder_version=&#8221;4.27.4&#8243; _module_preset=&#8221;default&#8221; top_divider_style=&#8221;ramp2&#8243; top_divider_color=&#8221;#FFFFFF&#8221; top_divider_height=&#8221;50px&#8221; bottom_divider_style=&#8221;curve2&#8243; bottom_divider_color=&#8221;#E0D0A6&#8243; bottom_divider_height=&#8221;40px&#8221; da_disable_devices=&#8221;off|off|off&#8221; global_colors_info=&#8221;{}&#8221; da_is_popup=&#8221;off&#8221; da_exit_intent=&#8221;off&#8221; da_has_close=&#8221;on&#8221; da_alt_close=&#8221;off&#8221; da_dark_close=&#8221;off&#8221; da_not_modal=&#8221;on&#8221; da_is_singular=&#8221;off&#8221; da_with_loader=&#8221;off&#8221; da_has_shadow=&#8221;on&#8221;][et_pb_fullwidth_image src=&#8221;https:\/\/vedruna.org\/wp-content\/uploads\/2025\/11\/Banner-WEB.png&#8221; title_text=&#8221;B\u00e0ner WEB&#8221; _builder_version=&#8221;4.27.4&#8243; _module_preset=&#8221;default&#8221; global_colors_info=&#8221;{}&#8221;][\/et_pb_fullwidth_image][\/et_pb_section][et_pb_section fb_built=&#8221;1&#8243; _builder_version=&#8221;4.27.4&#8243; _module_preset=&#8221;default&#8221; use_background_color_gradient=&#8221;on&#8221; background_color_gradient_stops=&#8221;#e0d0a6 0%|rgba(224,208,166,0.6) 40%|#ffffff 40%&#8221; bottom_divider_style=&#8221;curve2&#8243; bottom_divider_color=&#8221;#7F2629&#8243; bottom_divider_height=&#8221;40px&#8221; da_disable_devices=&#8221;off|off|off&#8221; global_colors_info=&#8221;{}&#8221; da_is_popup=&#8221;off&#8221; da_exit_intent=&#8221;off&#8221; da_has_close=&#8221;on&#8221; da_alt_close=&#8221;off&#8221; da_dark_close=&#8221;off&#8221; da_not_modal=&#8221;on&#8221; da_is_singular=&#8221;off&#8221; da_with_loader=&#8221;off&#8221; da_has_shadow=&#8221;on&#8221;][et_pb_row _builder_version=&#8221;4.17.0&#8243; _module_preset=&#8221;default&#8221; global_colors_info=&#8221;{}&#8221;][et_pb_column type=&#8221;4_4&#8243; _builder_version=&#8221;4.17.0&#8243; _module_preset=&#8221;default&#8221; global_colors_info=&#8221;{}&#8221;][et_pb_text _builder_version=&#8221;4.27.4&#8243; _module_preset=&#8221;default&#8221; header_2_font=&#8221;|700||on|||||&#8221; header_2_text_align=&#8221;center&#8221; header_2_text_color=&#8221;#7F2629&#8243; header_2_font_size=&#8221;32px&#8221; header_4_font=&#8221;|300|||||||&#8221; header_4_text_align=&#8221;center&#8221; header_4_text_color=&#8221;#7F2629&#8243; header_4_font_size=&#8221;24px&#8221; animation_style=&#8221;slide&#8221; animation_duration=&#8221;1500ms&#8221; animation_delay=&#8221;200ms&#8221; global_colors_info=&#8221;{}&#8221;]<\/p>\n<h4>De prop<\/h4>\n<h2>Not\u00edcies sobre Casa Manso<\/h2>\n<p>[\/et_pb_text][\/et_pb_column][\/et_pb_row][et_pb_row _builder_version=&#8221;4.17.0&#8243; _module_preset=&#8221;default&#8221; global_colors_info=&#8221;{}&#8221;][et_pb_column type=&#8221;4_4&#8243; _builder_version=&#8221;4.17.0&#8243; _module_preset=&#8221;default&#8221; global_colors_info=&#8221;{}&#8221;][et_pb_blog fullwidth=&#8221;off&#8221; posts_number=&#8221;3&#8243; include_categories=&#8221;443&#8243; meta_date=&#8221;d M&#8221; excerpt_length=&#8221;0&#8243; show_more=&#8221;on&#8221; show_author=&#8221;off&#8221; show_pagination=&#8221;off&#8221; _builder_version=&#8221;4.27.4&#8243; _module_preset=&#8221;default&#8221; header_font=&#8221;|300|||||||&#8221; header_line_height=&#8221;1.2em&#8221; meta_text_color=&#8221;#FFFFFF&#8221; read_more_font=&#8221;|||on|||||&#8221; read_more_text_color=&#8221;rgba(0,0,0,0.6)&#8221; animation_style=&#8221;slide&#8221; animation_duration=&#8221;1500ms&#8221; animation_delay=&#8221;500ms&#8221; border_radii=&#8221;on|10px|10px|10px|10px&#8221; border_width_all=&#8221;2px&#8221; border_color_all=&#8221;rgba(224,208,166,0.3)&#8221; global_colors_info=&#8221;{}&#8221;][\/et_pb_blog][\/et_pb_column][\/et_pb_row][\/et_pb_section]<\/p>\n","protected":false},"excerpt":{"rendered":"<p>Casa Manso Joaquina de VedrunaAquest espai no \u00e9s un museu. \u00c9s una casa . Una casa amb mem\u00f2ria , amb parets que han escoltat i terres que han sentit els passos d&#8217;una vida plena.Aqu\u00ed no hi haur\u00e0 reconstrucci\u00f3 ni ficci\u00f3: aquesta \u00e9s la casa reial de Joaquima, on va viure, va estimar i va comen\u00e7ar [&hellip;]<\/p>\n","protected":false},"author":1,"featured_media":0,"parent":0,"menu_order":0,"comment_status":"closed","ping_status":"closed","template":"","meta":{"_et_pb_use_builder":"on","_et_pb_old_content":"","_et_gb_content_width":"","pgc_sgb_lightbox_settings":"","footnotes":""},"class_list":["post-30549","page","type-page","status-publish","hentry"],"yoast_head":"<!-- This site is optimized with the Yoast SEO plugin v27.4 - https:\/\/yoast.com\/product\/yoast-seo-wordpress\/ -->\n<title>Casa Manso - Carmelitas de la Caridad Vedruna<\/title>\n<meta name=\"robots\" content=\"index, follow, max-snippet:-1, max-image-preview:large, max-video-preview:-1\" \/>\n<link rel=\"canonical\" href=\"https:\/\/vedruna.org\/ca\/30549-2\/\" \/>\n<meta property=\"og:locale\" content=\"ca_ES\" \/>\n<meta property=\"og:type\" content=\"article\" \/>\n<meta property=\"og:title\" content=\"Casa Manso - Carmelitas de la Caridad Vedruna\" \/>\n<meta property=\"og:description\" content=\"Casa Manso Joaquina de VedrunaAquest espai no \u00e9s un museu. \u00c9s una casa . Una casa amb mem\u00f2ria , amb parets que han escoltat i terres que han sentit els passos d&#039;una vida plena.Aqu\u00ed no hi haur\u00e0 reconstrucci\u00f3 ni ficci\u00f3: aquesta \u00e9s la casa reial de Joaquima, on va viure, va estimar i va comen\u00e7ar [&hellip;]\" \/>\n<meta property=\"og:url\" content=\"https:\/\/vedruna.org\/ca\/30549-2\/\" \/>\n<meta property=\"og:site_name\" content=\"Carmelitas de la Caridad Vedruna\" \/>\n<meta property=\"article:modified_time\" content=\"2025-11-24T10:11:23+00:00\" \/>\n<meta name=\"twitter:card\" content=\"summary_large_image\" \/>\n<meta name=\"twitter:label1\" content=\"Temps estimat de lectura\" \/>\n\t<meta name=\"twitter:data1\" content=\"8 minuts\" \/>\n<script type=\"application\/ld+json\" class=\"yoast-schema-graph\">{\"@context\":\"https:\\\/\\\/schema.org\",\"@graph\":[{\"@type\":\"WebPage\",\"@id\":\"https:\\\/\\\/vedruna.org\\\/ca\\\/30549-2\\\/\",\"url\":\"https:\\\/\\\/vedruna.org\\\/ca\\\/30549-2\\\/\",\"name\":\"Casa Manso - Carmelitas de la Caridad Vedruna\",\"isPartOf\":{\"@id\":\"https:\\\/\\\/vedruna.org\\\/ca\\\/#website\"},\"datePublished\":\"2025-11-19T12:03:20+00:00\",\"dateModified\":\"2025-11-24T10:11:23+00:00\",\"breadcrumb\":{\"@id\":\"https:\\\/\\\/vedruna.org\\\/ca\\\/30549-2\\\/#breadcrumb\"},\"inLanguage\":\"ca\",\"potentialAction\":[{\"@type\":\"ReadAction\",\"target\":[\"https:\\\/\\\/vedruna.org\\\/ca\\\/30549-2\\\/\"]}]},{\"@type\":\"BreadcrumbList\",\"@id\":\"https:\\\/\\\/vedruna.org\\\/ca\\\/30549-2\\\/#breadcrumb\",\"itemListElement\":[{\"@type\":\"ListItem\",\"position\":1,\"name\":\"Portada\",\"item\":\"https:\\\/\\\/vedruna.org\\\/ca\\\/\"},{\"@type\":\"ListItem\",\"position\":2,\"name\":\"Casa Manso\"}]},{\"@type\":\"WebSite\",\"@id\":\"https:\\\/\\\/vedruna.org\\\/ca\\\/#website\",\"url\":\"https:\\\/\\\/vedruna.org\\\/ca\\\/\",\"name\":\"Carmelitas de la Caridad Vedruna\",\"description\":\"Carmelitas de la caridad\",\"publisher\":{\"@id\":\"https:\\\/\\\/vedruna.org\\\/ca\\\/#organization\"},\"potentialAction\":[{\"@type\":\"SearchAction\",\"target\":{\"@type\":\"EntryPoint\",\"urlTemplate\":\"https:\\\/\\\/vedruna.org\\\/ca\\\/?s={search_term_string}\"},\"query-input\":{\"@type\":\"PropertyValueSpecification\",\"valueRequired\":true,\"valueName\":\"search_term_string\"}}],\"inLanguage\":\"ca\"},{\"@type\":\"Organization\",\"@id\":\"https:\\\/\\\/vedruna.org\\\/ca\\\/#organization\",\"name\":\"Carmelitas de la caridad Vedruna\",\"url\":\"https:\\\/\\\/vedruna.org\\\/ca\\\/\",\"logo\":{\"@type\":\"ImageObject\",\"inLanguage\":\"ca\",\"@id\":\"https:\\\/\\\/vedruna.org\\\/ca\\\/#\\\/schema\\\/logo\\\/image\\\/\",\"url\":\"https:\\\/\\\/vedruna.org\\\/wp-content\\\/uploads\\\/2022\\\/04\\\/LOGO-VEDRUNA-HORIZONTAL.png\",\"contentUrl\":\"https:\\\/\\\/vedruna.org\\\/wp-content\\\/uploads\\\/2022\\\/04\\\/LOGO-VEDRUNA-HORIZONTAL.png\",\"width\":1200,\"height\":463,\"caption\":\"Carmelitas de la caridad Vedruna\"},\"image\":{\"@id\":\"https:\\\/\\\/vedruna.org\\\/ca\\\/#\\\/schema\\\/logo\\\/image\\\/\"}}]}<\/script>\n<!-- \/ Yoast SEO plugin. -->","yoast_head_json":{"title":"Casa Manso - Carmelitas de la Caridad Vedruna","robots":{"index":"index","follow":"follow","max-snippet":"max-snippet:-1","max-image-preview":"max-image-preview:large","max-video-preview":"max-video-preview:-1"},"canonical":"https:\/\/vedruna.org\/ca\/30549-2\/","og_locale":"ca_ES","og_type":"article","og_title":"Casa Manso - Carmelitas de la Caridad Vedruna","og_description":"Casa Manso Joaquina de VedrunaAquest espai no \u00e9s un museu. \u00c9s una casa . Una casa amb mem\u00f2ria , amb parets que han escoltat i terres que han sentit els passos d'una vida plena.Aqu\u00ed no hi haur\u00e0 reconstrucci\u00f3 ni ficci\u00f3: aquesta \u00e9s la casa reial de Joaquima, on va viure, va estimar i va comen\u00e7ar [&hellip;]","og_url":"https:\/\/vedruna.org\/ca\/30549-2\/","og_site_name":"Carmelitas de la Caridad Vedruna","article_modified_time":"2025-11-24T10:11:23+00:00","twitter_card":"summary_large_image","twitter_misc":{"Temps estimat de lectura":"8 minuts"},"schema":{"@context":"https:\/\/schema.org","@graph":[{"@type":"WebPage","@id":"https:\/\/vedruna.org\/ca\/30549-2\/","url":"https:\/\/vedruna.org\/ca\/30549-2\/","name":"Casa Manso - Carmelitas de la Caridad Vedruna","isPartOf":{"@id":"https:\/\/vedruna.org\/ca\/#website"},"datePublished":"2025-11-19T12:03:20+00:00","dateModified":"2025-11-24T10:11:23+00:00","breadcrumb":{"@id":"https:\/\/vedruna.org\/ca\/30549-2\/#breadcrumb"},"inLanguage":"ca","potentialAction":[{"@type":"ReadAction","target":["https:\/\/vedruna.org\/ca\/30549-2\/"]}]},{"@type":"BreadcrumbList","@id":"https:\/\/vedruna.org\/ca\/30549-2\/#breadcrumb","itemListElement":[{"@type":"ListItem","position":1,"name":"Portada","item":"https:\/\/vedruna.org\/ca\/"},{"@type":"ListItem","position":2,"name":"Casa Manso"}]},{"@type":"WebSite","@id":"https:\/\/vedruna.org\/ca\/#website","url":"https:\/\/vedruna.org\/ca\/","name":"Carmelitas de la Caridad Vedruna","description":"Carmelitas de la caridad","publisher":{"@id":"https:\/\/vedruna.org\/ca\/#organization"},"potentialAction":[{"@type":"SearchAction","target":{"@type":"EntryPoint","urlTemplate":"https:\/\/vedruna.org\/ca\/?s={search_term_string}"},"query-input":{"@type":"PropertyValueSpecification","valueRequired":true,"valueName":"search_term_string"}}],"inLanguage":"ca"},{"@type":"Organization","@id":"https:\/\/vedruna.org\/ca\/#organization","name":"Carmelitas de la caridad Vedruna","url":"https:\/\/vedruna.org\/ca\/","logo":{"@type":"ImageObject","inLanguage":"ca","@id":"https:\/\/vedruna.org\/ca\/#\/schema\/logo\/image\/","url":"https:\/\/vedruna.org\/wp-content\/uploads\/2022\/04\/LOGO-VEDRUNA-HORIZONTAL.png","contentUrl":"https:\/\/vedruna.org\/wp-content\/uploads\/2022\/04\/LOGO-VEDRUNA-HORIZONTAL.png","width":1200,"height":463,"caption":"Carmelitas de la caridad Vedruna"},"image":{"@id":"https:\/\/vedruna.org\/ca\/#\/schema\/logo\/image\/"}}]}},"_links":{"self":[{"href":"https:\/\/vedruna.org\/ca\/wp-json\/wp\/v2\/pages\/30549","targetHints":{"allow":["GET"]}}],"collection":[{"href":"https:\/\/vedruna.org\/ca\/wp-json\/wp\/v2\/pages"}],"about":[{"href":"https:\/\/vedruna.org\/ca\/wp-json\/wp\/v2\/types\/page"}],"author":[{"embeddable":true,"href":"https:\/\/vedruna.org\/ca\/wp-json\/wp\/v2\/users\/1"}],"replies":[{"embeddable":true,"href":"https:\/\/vedruna.org\/ca\/wp-json\/wp\/v2\/comments?post=30549"}],"version-history":[{"count":11,"href":"https:\/\/vedruna.org\/ca\/wp-json\/wp\/v2\/pages\/30549\/revisions"}],"predecessor-version":[{"id":30710,"href":"https:\/\/vedruna.org\/ca\/wp-json\/wp\/v2\/pages\/30549\/revisions\/30710"}],"wp:attachment":[{"href":"https:\/\/vedruna.org\/ca\/wp-json\/wp\/v2\/media?parent=30549"}],"curies":[{"name":"wp","href":"https:\/\/api.w.org\/{rel}","templated":true}]}}