{"id":3917,"date":"2022-02-09T19:26:57","date_gmt":"2022-02-09T18:26:57","guid":{"rendered":"https:\/\/vedruna.org\/origens\/"},"modified":"2025-09-17T09:58:54","modified_gmt":"2025-09-17T07:58:54","slug":"origens","status":"publish","type":"page","link":"https:\/\/vedruna.org\/ca\/origens\/","title":{"rendered":"Or\u00edgens"},"content":{"rendered":"<p>[et_pb_section fb_built=&#8221;1&#8243; next_background_color=&#8221;#ffffff&#8221; _builder_version=&#8221;4.20.2&#8243; _module_preset=&#8221;default&#8221; use_background_color_gradient=&#8221;on&#8221; background_color_gradient_direction=&#8221;90deg&#8221; background_color_gradient_stops=&#8221;rgba(0,0,0,0.4) 0%|rgba(0,0,0,0) 100%&#8221; background_image=&#8221;https:\/\/vedruna.org\/wp-content\/uploads\/2022\/04\/Main_square_of_Vic_-_Barcelona_-_Catalunya_-_Spain_-_panoramio.jpeg&#8221; background_blend=&#8221;overlay&#8221; custom_padding=&#8221;20vw||4vw||false|false&#8221; bottom_divider_style=&#8221;ramp&#8221; bottom_divider_flip=&#8221;horizontal&#8221; da_disable_devices=&#8221;off|off|off&#8221; global_colors_info=&#8221;{}&#8221; da_is_popup=&#8221;off&#8221; da_exit_intent=&#8221;off&#8221; da_has_close=&#8221;on&#8221; da_alt_close=&#8221;off&#8221; da_dark_close=&#8221;off&#8221; da_not_modal=&#8221;on&#8221; da_is_singular=&#8221;off&#8221; da_with_loader=&#8221;off&#8221; da_has_shadow=&#8221;on&#8221;][et_pb_row _builder_version=&#8221;4.17.0&#8243; _module_preset=&#8221;default&#8221; global_colors_info=&#8221;{}&#8221;][et_pb_column type=&#8221;4_4&#8243; _builder_version=&#8221;4.17.0&#8243; _module_preset=&#8221;default&#8221; global_colors_info=&#8221;{}&#8221;][et_pb_text _builder_version=&#8221;4.20.2&#8243; _module_preset=&#8221;default&#8221; header_font=&#8221;|700|||||||&#8221; header_text_color=&#8221;#FFFFFF&#8221; header_font_size=&#8221;50px&#8221; header_font_size_tablet=&#8221;36px&#8221; header_font_size_phone=&#8221;30px&#8221; header_font_size_last_edited=&#8221;on|phone&#8221; global_colors_info=&#8221;{}&#8221;]<\/p>\n<h1>Or\u00edgens<\/h1>\n<p>[\/et_pb_text][\/et_pb_column][\/et_pb_row][\/et_pb_section][et_pb_section fb_built=&#8221;1&#8243; admin_label=&#8221;About&#8221; _builder_version=&#8221;4.17.0&#8243; background_color_gradient_start=&#8221;#ffffff&#8221; background_color_gradient_end=&#8221;#f4f4f4&#8243; custom_margin=&#8221;||||false|false&#8221; custom_padding=&#8221;6vw||6vw||true|false&#8221; bottom_divider_color=&#8221;#ffffff&#8221; bottom_divider_height=&#8221;10vw&#8221; da_disable_devices=&#8221;off|off|off&#8221; locked=&#8221;off&#8221; global_colors_info=&#8221;{}&#8221; da_is_popup=&#8221;off&#8221; da_exit_intent=&#8221;off&#8221; da_has_close=&#8221;on&#8221; da_alt_close=&#8221;off&#8221; da_dark_close=&#8221;off&#8221; da_not_modal=&#8221;on&#8221; da_is_singular=&#8221;off&#8221; da_with_loader=&#8221;off&#8221; da_has_shadow=&#8221;on&#8221;][et_pb_row _builder_version=&#8221;4.17.1&#8243; custom_padding=&#8221;25px|||||&#8221; animation_style=&#8221;slide&#8221; animation_duration=&#8221;1100ms&#8221; global_colors_info=&#8221;{}&#8221;][et_pb_column type=&#8221;4_4&#8243; _builder_version=&#8221;4.16&#8243; global_colors_info=&#8221;{}&#8221;][et_pb_image src=&#8221;https:\/\/vedruna.org\/wp-content\/uploads\/2022\/04\/estrellaVedruna.png&#8221; title_text=&#8221;estrellaVedruna&#8221; _builder_version=&#8221;4.17.0&#8243; _module_preset=&#8221;default&#8221; width=&#8221;64px&#8221; module_alignment=&#8221;center&#8221; global_colors_info=&#8221;{}&#8221;][\/et_pb_image][et_pb_text _builder_version=&#8221;4.17.0&#8243; text_font=&#8221;||||||||&#8221; text_line_height=&#8221;1.8em&#8221; header_2_font=&#8221;|700|||||||&#8221; header_2_text_color=&#8221;#7F2629&#8243; header_2_font_size=&#8221;36px&#8221; header_5_font=&#8221;|300|||||||&#8221; header_5_text_color=&#8221;#7F2629&#8243; header_5_font_size=&#8221;21px&#8221; text_orientation=&#8221;center&#8221; text_font_size_tablet=&#8221;&#8221; text_font_size_phone=&#8221;14px&#8221; text_font_size_last_edited=&#8221;on|desktop&#8221; global_colors_info=&#8221;{}&#8221;]<\/p>\n<h2>200 anys servint els m\u00e9s vulnerables<\/h2>\n<h5>Vam n\u00e9ixer a Vic (Barcelona) servint les persones m\u00e9s empobrides i excloses.<\/h5>\n<h5>Avui seguim amb m\u00e9s for\u00e7a per tot el m\u00f3n.<\/h5>\n<p>[\/et_pb_text][\/et_pb_column][\/et_pb_row][\/et_pb_section][et_pb_section fb_built=&#8221;1&#8243; next_background_color=&#8221;#7F2629&#8243; _builder_version=&#8221;4.27.4&#8243; _module_preset=&#8221;default&#8221; custom_margin=&#8221;||||false|false&#8221; custom_padding=&#8221;||0px||false|false&#8221; bottom_divider_style=&#8221;curve&#8221; bottom_divider_arrangement=&#8221;above_content&#8221; hover_enabled=&#8221;0&#8243; da_disable_devices=&#8221;off|off|off&#8221; global_colors_info=&#8221;{}&#8221; bottom_divider_height=&#8221;62px&#8221; sticky_enabled=&#8221;0&#8243; da_is_popup=&#8221;off&#8221; da_exit_intent=&#8221;off&#8221; da_has_close=&#8221;on&#8221; da_alt_close=&#8221;off&#8221; da_dark_close=&#8221;off&#8221; da_not_modal=&#8221;on&#8221; da_is_singular=&#8221;off&#8221; da_with_loader=&#8221;off&#8221; da_has_shadow=&#8221;on&#8221;][et_pb_row column_structure=&#8221;3_5,2_5&#8243; make_equal=&#8221;on&#8221; _builder_version=&#8221;4.17.0&#8243; _module_preset=&#8221;default&#8221; global_colors_info=&#8221;{}&#8221;][et_pb_column type=&#8221;3_5&#8243; _builder_version=&#8221;4.17.0&#8243; _module_preset=&#8221;default&#8221; custom_css_main_element=&#8221;margin: auto;&#8221; global_colors_info=&#8221;{}&#8221;][et_pb_text _builder_version=&#8221;4.17.1&#8243; text_font=&#8221;||||||||&#8221; text_line_height=&#8221;1.8em&#8221; header_2_font=&#8221;|700|||||||&#8221; header_2_text_color=&#8221;#7F2629&#8243; header_3_font=&#8221;|300|||||||&#8221; header_3_text_color=&#8221;#7F2629&#8243; header_3_font_size=&#8221;18px&#8221; header_5_font=&#8221;|300|||||||&#8221; header_5_text_color=&#8221;#7F2629&#8243; header_5_font_size=&#8221;21px&#8221; animation_style=&#8221;slide&#8221; animation_direction=&#8221;left&#8221; text_font_size_tablet=&#8221;&#8221; text_font_size_phone=&#8221;14px&#8221; text_font_size_last_edited=&#8221;on|desktop&#8221; global_colors_info=&#8221;{}&#8221;]<\/p>\n<h3>Joaquina de Vedruna<\/h3>\n<h2>Des de petit<\/h2>\n<p>La Fam\u00edlia Vedruna t\u00e9 el seu origen a Joaquina de Vedruna, una dona creient que, moguda pel desig de<span> <\/span><em>abra\u00e7ar totes les necessitats dels pobles<\/em><span> <\/span>i de<span> <\/span><em>donar gl\u00f2ria a D\u00e9u.<\/em><\/p>\n<p>Va comen\u00e7ar un projecte que unia el lliurament a D\u00e9u i el servei als m\u00e9s necessitats. Com tota gran obra, <strong>l&#8217;inici va ser senzill<\/strong> : va acollir a casa seva nou joves que compartien la mateixa crida i juntes van emprendre una manera nova de vida religiosa activa com a Carmelites de la Caritat, <strong>servint les persones m\u00e9s empobrides i excloses<\/strong> que, en aquell moment, tenien rostre de nenes, dones i malalts.<\/p>\n<p>[\/et_pb_text][\/et_pb_column][et_pb_column type=&#8221;2_5&#8243; _builder_version=&#8221;4.17.0&#8243; _module_preset=&#8221;default&#8221; global_colors_info=&#8221;{}&#8221;][et_pb_image src=&#8221;https:\/\/vedruna.org\/wp-content\/uploads\/2022\/02\/JoaquinaVedruna.png&#8221; title_text=&#8221;JoaquinaVedruna&#8221; _builder_version=&#8221;4.17.1&#8243; _module_preset=&#8221;default&#8221; custom_margin=&#8221;||-20px||false|false&#8221; animation_style=&#8221;fade&#8221; animation_direction=&#8221;bottom&#8221; animation_duration=&#8221;1200ms&#8221; global_colors_info=&#8221;{}&#8221;][\/et_pb_image][\/et_pb_column][\/et_pb_row][\/et_pb_section][et_pb_section fb_built=&#8221;1&#8243; _builder_version=&#8221;4.17.3&#8243; _module_preset=&#8221;default&#8221; background_color=&#8221;#7F2629&#8243; custom_padding=&#8221;6vw||0px||false|false&#8221; da_disable_devices=&#8221;off|off|off&#8221; global_colors_info=&#8221;{}&#8221; da_is_popup=&#8221;off&#8221; da_exit_intent=&#8221;off&#8221; da_has_close=&#8221;on&#8221; da_alt_close=&#8221;off&#8221; da_dark_close=&#8221;off&#8221; da_not_modal=&#8221;on&#8221; da_is_singular=&#8221;off&#8221; da_with_loader=&#8221;off&#8221; da_has_shadow=&#8221;on&#8221;][et_pb_row _builder_version=&#8221;4.17.0&#8243; _module_preset=&#8221;default&#8221; global_colors_info=&#8221;{}&#8221;][et_pb_column type=&#8221;4_4&#8243; _builder_version=&#8221;4.17.0&#8243; _module_preset=&#8221;default&#8221; global_colors_info=&#8221;{}&#8221;][et_pb_text _builder_version=&#8221;4.17.3&#8243; text_font=&#8221;||||||||&#8221; text_line_height=&#8221;1.8em&#8221; header_2_font=&#8221;|700|||||||&#8221; header_2_text_color=&#8221;#ffffff&#8221; header_3_font=&#8221;|300|||||||&#8221; header_3_text_color=&#8221;#7F2629&#8243; header_3_font_size=&#8221;18px&#8221; header_5_font=&#8221;|300|||||||&#8221; header_5_text_color=&#8221;#7F2629&#8243; header_5_font_size=&#8221;21px&#8221; text_orientation=&#8221;center&#8221; max_width=&#8221;800px&#8221; module_alignment=&#8221;center&#8221; animation_style=&#8221;slide&#8221; animation_duration=&#8221;1200ms&#8221; text_font_size_tablet=&#8221;&#8221; text_font_size_phone=&#8221;14px&#8221; text_font_size_last_edited=&#8221;on|desktop&#8221; global_colors_info=&#8221;{}&#8221;]<\/p>\n<h2>Creixent<\/h2>\n<p>&nbsp;<\/p>\n<p>[\/et_pb_text][et_pb_blurb title=&#8221;1783 | Naixement&#8221; image_icon_background_color=&#8221;RGBA(255,255,255,0)&#8221; image=&#8221;https:\/\/vedruna.org\/wp-content\/uploads\/2022\/05\/Nacimiento_Naranja.png&#8221; icon_placement=&#8221;left&#8221; _builder_version=&#8221;4.17.3&#8243; _module_preset=&#8221;default&#8221; background_color=&#8221;#E0D0A6&#8243; image_icon_custom_padding=&#8221;5px|5px|5px|5px|true|true&#8221; width=&#8221;600px&#8221; width_tablet=&#8221;600px&#8221; width_phone=&#8221;100%&#8221; width_last_edited=&#8221;on|phone&#8221; module_alignment=&#8221;center&#8221; custom_margin=&#8221;||0px||false|false&#8221; custom_padding=&#8221;20px||20px||true|false&#8221; animation_style=&#8221;slide&#8221; animation_direction=&#8221;bottom&#8221; animation_duration=&#8221;1500ms&#8221; animation_delay=&#8221;500ms&#8221; custom_css_blurb_image=&#8221;width: 96px;&#8221; border_radii=&#8221;off||20px|20px|&#8221; border_width_bottom=&#8221;10px&#8221; border_color_bottom=&#8221;#7F2629&#8243; border_color_left=&#8221;#fc4221&#8243; border_radii_image=&#8221;on|20px|20px|20px|20px&#8221; box_shadow_style=&#8221;preset4&#8243; box_shadow_horizontal=&#8221;-10px&#8221; box_shadow_vertical=&#8221;0px&#8221; box_shadow_color=&#8221;#fc4221&#8243; global_colors_info=&#8221;{}&#8221;]<\/p>\n<p>El 16 d&#8217;abril neix Joaquima de Vedruna a Barcelona.<\/p>\n<p>[\/et_pb_blurb][et_pb_blurb title=&#8221;1799 | Matrimoni&#8221; image=&#8221;https:\/\/vedruna.org\/wp-content\/uploads\/2022\/05\/Matrimonio_Naranja.png&#8221; _builder_version=&#8221;4.17.3&#8243; _module_preset=&#8221;f32939c9-e948-4dcc-b52e-177ea6959260&#8243; global_colors_info=&#8221;{}&#8221;]<\/p>\n<p>El 24 de mar\u00e7, se celebra el matrimoni de Joaquima amb Teodor de Mas.<\/p>\n<p>[\/et_pb_blurb][et_pb_blurb title=&#8221;1816 | Viudesa&#8221; image=&#8221;https:\/\/vedruna.org\/wp-content\/uploads\/2022\/05\/Viudez_Naranja.png&#8221; _builder_version=&#8221;4.17.3&#8243; _module_preset=&#8221;f32939c9-e948-4dcc-b52e-177ea6959260&#8243; border_radii_image=&#8221;on|0px|0px|0px|0px&#8221; global_colors_info=&#8221;{}&#8221;]<\/p>\n<p>Teodoro mor i Joaquina es queda amb 6 dels 9 fills\/es que van tenir junts.<\/p>\n<p>[\/et_pb_blurb][et_pb_blurb title=&#8221;1822 | Exili&#8221; image=&#8221;https:\/\/vedruna.org\/wp-content\/uploads\/2022\/05\/Exilio_Naranja.png&#8221; _builder_version=&#8221;4.17.3&#8243; _module_preset=&#8221;f32939c9-e948-4dcc-b52e-177ea6959260&#8243; border_radii_image=&#8221;on|0px|0px|0px|0px&#8221; global_colors_info=&#8221;{}&#8221;]<\/p>\n<p>A causa de la guerra, Joaquima s&#8217;exilia a Prades (Fran\u00e7a) amb la fam\u00edlia, durant 8 mesos.<\/p>\n<p>[\/et_pb_blurb][et_pb_blurb title=&#8221;1826 | Fundaci\u00f3&#8221; image=&#8221;https:\/\/vedruna.org\/wp-content\/uploads\/2022\/05\/Fundacio\u0301n_Naranja.png&#8221; _builder_version=&#8221;4.17.3&#8243; _module_preset=&#8221;f32939c9-e948-4dcc-b52e-177ea6959260&#8243; global_colors_info=&#8221;{}&#8221;]<\/p>\n<p>El 6 de gener, Joaquina fa la seva professi\u00f3 religiosa. El 26 de febrer, funda la Congregaci\u00f3 Carmelites de la Caritat Vedruna.<\/p>\n<p>[\/et_pb_blurb][et_pb_blurb title=&#8221;1840 | Exili&#8221; image=&#8221;https:\/\/vedruna.org\/wp-content\/uploads\/2022\/05\/Exilio_Naranja.png&#8221; _builder_version=&#8221;4.17.3&#8243; _module_preset=&#8221;f32939c9-e948-4dcc-b52e-177ea6959260&#8243; border_radii_image=&#8221;on|0px|0px|0px|0px&#8221; global_colors_info=&#8221;{}&#8221;]<\/p>\n<p>A causa de la guerra, Joaquima s&#8217;exilia a Perpiny\u00e0 (Fran\u00e7a) amb 15 germanes, durant 3 anys.<\/p>\n<p>[\/et_pb_blurb][et_pb_blurb title=&#8221;1854 | Mort&#8221; image=&#8221;https:\/\/vedruna.org\/wp-content\/uploads\/2022\/05\/Muerte_Naranja.png&#8221; _builder_version=&#8221;4.21.0&#8243; _module_preset=&#8221;f32939c9-e948-4dcc-b52e-177ea6959260&#8243; border_radii_image=&#8221;on|0px|0px|0px|0px&#8221; global_colors_info=&#8221;{}&#8221;]<\/p>\n<p>El 28 d&#8217;agost, Joaquina malalta, mor amb 71 anys, acompanyada per les seves germanes, confiant-los la fam\u00edlia Vedruna.  <span style=\"font-weight: 400;\">Deixant 30 comunitats Vedruna escampades per Catalunya.  <\/span><\/p>\n<p>[\/et_pb_blurb][et_pb_blurb title=&#8221;1912 | Am\u00e8rica&#8221; image=&#8221;https:\/\/vedruna.org\/wp-content\/uploads\/2022\/05\/A\u0301merica_Naranja.png&#8221; _builder_version=&#8221;4.17.3&#8243; _module_preset=&#8221;f32939c9-e948-4dcc-b52e-177ea6959260&#8243; border_radii_image=&#8221;on|0px|0px|0px|0px&#8221; global_colors_info=&#8221;{}&#8221;]<\/p>\n<p>1a fundaci\u00f3 a Am\u00e8rica: El Plata Argentina.<\/p>\n<p>[\/et_pb_blurb][et_pb_blurb title=&#8221;1948 | \u00c0sia&#8221; image=&#8221;https:\/\/vedruna.org\/wp-content\/uploads\/2022\/05\/Asia_Naranja.png&#8221; _builder_version=&#8221;4.17.3&#8243; _module_preset=&#8221;f32939c9-e948-4dcc-b52e-177ea6959260&#8243; border_radii_image=&#8221;on|0px|0px|0px|0px&#8221; global_colors_info=&#8221;{}&#8221;]<\/p>\n<p>1\u00aa fundaci\u00f3 a \u00c0sia: Kobe Jap\u00f3.<\/p>\n<p>[\/et_pb_blurb][et_pb_blurb title=&#8221;1957 | \u00c0frica&#8221; image=&#8221;https:\/\/vedruna.org\/wp-content\/uploads\/2022\/05\/Asia_Naranja.png&#8221; _builder_version=&#8221;4.17.3&#8243; _module_preset=&#8221;f32939c9-e948-4dcc-b52e-177ea6959260&#8243; border_radii_image=&#8221;on|0px|0px|0px|0px&#8221; global_colors_info=&#8221;{}&#8221;]<\/p>\n<p>1a fundaci\u00f3 a \u00c0frica: Kimbau RDCongo.<\/p>\n<p>[\/et_pb_blurb][et_pb_blurb title=&#8221;1959 | Canonitzaci\u00f3&#8221; image=&#8221;https:\/\/vedruna.org\/wp-content\/uploads\/2022\/05\/Canonizacio\u0301n_Naranja.png&#8221; _builder_version=&#8221;4.17.3&#8243; _module_preset=&#8221;f32939c9-e948-4dcc-b52e-177ea6959260&#8243; border_width_bottom=&#8221;0px&#8221; border_radii_image=&#8221;on|0px|0px|0px|0px&#8221; global_colors_info=&#8221;{}&#8221;]<\/p>\n<p>El 12 d&#8217;abril, l&#8217;Esgl\u00e9sia reconeix com a Santa Joaquima. Se celebra el <strong>22 de maig<\/strong> .<\/p>\n<p>[\/et_pb_blurb][\/et_pb_column][\/et_pb_row][\/et_pb_section][et_pb_section fb_built=&#8221;1&#8243; prev_background_color=&#8221;#7F2629&#8243; _builder_version=&#8221;4.27.4&#8243; _module_preset=&#8221;default&#8221; background_color=&#8221;#E0D0A6&#8243; custom_padding=&#8221;12vw||0px||false|false&#8221; top_divider_style=&#8221;curve&#8221; hover_enabled=&#8221;0&#8243; da_disable_devices=&#8221;off|off|off&#8221; global_colors_info=&#8221;{}&#8221; top_divider_height=&#8221;50px&#8221; sticky_enabled=&#8221;0&#8243; da_is_popup=&#8221;off&#8221; da_exit_intent=&#8221;off&#8221; da_has_close=&#8221;on&#8221; da_alt_close=&#8221;off&#8221; da_dark_close=&#8221;off&#8221; da_not_modal=&#8221;on&#8221; da_is_singular=&#8221;off&#8221; da_with_loader=&#8221;off&#8221; da_has_shadow=&#8221;on&#8221;][et_pb_row _builder_version=&#8221;4.17.0&#8243; _module_preset=&#8221;default&#8221; global_colors_info=&#8221;{}&#8221;][et_pb_column type=&#8221;4_4&#8243; _builder_version=&#8221;4.17.0&#8243; _module_preset=&#8221;default&#8221; global_colors_info=&#8221;{}&#8221;][et_pb_text _builder_version=&#8221;4.17.1&#8243; text_font=&#8221;||||||||&#8221; text_line_height=&#8221;1.8em&#8221; header_2_font=&#8221;|700|||||||&#8221; header_2_text_color=&#8221;#7F2629&#8243; header_3_font=&#8221;|300|||||||&#8221; header_3_text_color=&#8221;#7F2629&#8243; header_3_font_size=&#8221;18px&#8221; header_5_font=&#8221;|300|||||||&#8221; header_5_text_color=&#8221;#7F2629&#8243; header_5_font_size=&#8221;21px&#8221; text_orientation=&#8221;center&#8221; max_width=&#8221;800px&#8221; module_alignment=&#8221;center&#8221; animation_style=&#8221;slide&#8221; animation_duration=&#8221;1200ms&#8221; text_font_size_tablet=&#8221;&#8221; text_font_size_phone=&#8221;14px&#8221; text_font_size_last_edited=&#8221;on|desktop&#8221; global_colors_info=&#8221;{}&#8221;]<\/p>\n<h3><\/h3>\n<h2>Cap al m\u00f3n<\/h2>\n<p>Avui, aquesta Fam\u00edlia Vedruna, formada per dones i barons, religioses i laiques, seguidors i seguidors de Jes\u00fas, ens trobem a quatre continents (Europa, \u00c0sia, Am\u00e8rica i \u00c0frica) i, sentint-nos hereves d&#8217;aquest Carisma, volem seguir donant resposta a les emerg\u00e8ncies actuals del nostre m\u00f3n, com ara la migraci\u00f3, la joventut, la promoci\u00f3 de la dona, l&#8217;educaci\u00f3, la salut i l&#8217;ecologia integral.<\/p>\n<p>[\/et_pb_text][\/et_pb_column][\/et_pb_row][et_pb_row _builder_version=&#8221;4.17.1&#8243; _module_preset=&#8221;default&#8221; width=&#8221;100%&#8221; max_width=&#8221;3000px&#8221; custom_padding=&#8221;||0px||false|false&#8221; animation_style=&#8221;slide&#8221; animation_direction=&#8221;left&#8221; animation_duration=&#8221;1500ms&#8221; animation_delay=&#8221;500ms&#8221; global_colors_info=&#8221;{}&#8221;][et_pb_column type=&#8221;4_4&#8243; _builder_version=&#8221;4.17.0&#8243; _module_preset=&#8221;default&#8221; global_colors_info=&#8221;{}&#8221;][et_pb_gallery gallery_ids=&#8221;3473,3446,3438,3435&#8243; show_title_and_caption=&#8221;off&#8221; show_pagination=&#8221;off&#8221; zoom_icon_color=&#8221;#7F2629&#8243; hover_overlay_color=&#8221;rgba(224,208,166,0.2)&#8221; _builder_version=&#8221;4.17.3&#8243; _module_preset=&#8221;default&#8221; title_font_size=&#8221;0px&#8221; custom_css_gallery_item=&#8221;margin-right: 0%!important;||width: 25%!important;&#8221; global_colors_info=&#8221;{}&#8221; custom_css_gallery_item_last_edited=&#8221;on|phone&#8221; custom_css_gallery_item_phone=&#8221;width: 50%!important;||margin-bottom: 0px!important;&#8221; custom_css_gallery_item_tablet=&#8221;margin-right: 0%!important;||width: 25%!important;&#8221;][\/et_pb_gallery][\/et_pb_column][\/et_pb_row][\/et_pb_section]<\/p>\n","protected":false},"excerpt":{"rendered":"<p>Or\u00edgens200 anys servint els m\u00e9s vulnerables Vam n\u00e9ixer a Vic (Barcelona) servint les persones m\u00e9s empobrides i excloses. Avui seguim amb m\u00e9s for\u00e7a per tot el m\u00f3n.Joaquina de Vedruna Des de petit La Fam\u00edlia Vedruna t\u00e9 el seu origen a Joaquina de Vedruna, una dona creient que, moguda pel desig de abra\u00e7ar totes les necessitats [&hellip;]<\/p>\n","protected":false},"author":1,"featured_media":0,"parent":0,"menu_order":0,"comment_status":"closed","ping_status":"closed","template":"","meta":{"_et_pb_use_builder":"on","_et_pb_old_content":"","_et_gb_content_width":"","pgc_sgb_lightbox_settings":"","footnotes":""},"class_list":["post-3917","page","type-page","status-publish","hentry"],"yoast_head":"<!-- This site is optimized with the Yoast SEO plugin v27.4 - https:\/\/yoast.com\/product\/yoast-seo-wordpress\/ -->\n<title>Or\u00edgens - Carmelitas de la Caridad Vedruna<\/title>\n<meta name=\"robots\" content=\"index, follow, max-snippet:-1, max-image-preview:large, max-video-preview:-1\" \/>\n<link rel=\"canonical\" href=\"https:\/\/vedruna.org\/ca\/origens\/\" \/>\n<meta property=\"og:locale\" content=\"ca_ES\" \/>\n<meta property=\"og:type\" content=\"article\" \/>\n<meta property=\"og:title\" content=\"Or\u00edgens - Carmelitas de la Caridad Vedruna\" \/>\n<meta property=\"og:description\" content=\"Or\u00edgens200 anys servint els m\u00e9s vulnerables Vam n\u00e9ixer a Vic (Barcelona) servint les persones m\u00e9s empobrides i excloses. Avui seguim amb m\u00e9s for\u00e7a per tot el m\u00f3n.Joaquina de Vedruna Des de petit La Fam\u00edlia Vedruna t\u00e9 el seu origen a Joaquina de Vedruna, una dona creient que, moguda pel desig de abra\u00e7ar totes les necessitats [&hellip;]\" \/>\n<meta property=\"og:url\" content=\"https:\/\/vedruna.org\/ca\/origens\/\" \/>\n<meta property=\"og:site_name\" content=\"Carmelitas de la Caridad Vedruna\" \/>\n<meta property=\"article:modified_time\" content=\"2025-09-17T07:58:54+00:00\" \/>\n<meta name=\"twitter:card\" content=\"summary_large_image\" \/>\n<meta name=\"twitter:label1\" content=\"Temps estimat de lectura\" \/>\n\t<meta name=\"twitter:data1\" content=\"10 minuts\" \/>\n<script type=\"application\/ld+json\" class=\"yoast-schema-graph\">{\"@context\":\"https:\\\/\\\/schema.org\",\"@graph\":[{\"@type\":\"WebPage\",\"@id\":\"https:\\\/\\\/vedruna.org\\\/ca\\\/origens\\\/\",\"url\":\"https:\\\/\\\/vedruna.org\\\/ca\\\/origens\\\/\",\"name\":\"Or\u00edgens - Carmelitas de la Caridad Vedruna\",\"isPartOf\":{\"@id\":\"https:\\\/\\\/vedruna.org\\\/ca\\\/#website\"},\"datePublished\":\"2022-02-09T18:26:57+00:00\",\"dateModified\":\"2025-09-17T07:58:54+00:00\",\"breadcrumb\":{\"@id\":\"https:\\\/\\\/vedruna.org\\\/ca\\\/origens\\\/#breadcrumb\"},\"inLanguage\":\"ca\",\"potentialAction\":[{\"@type\":\"ReadAction\",\"target\":[\"https:\\\/\\\/vedruna.org\\\/ca\\\/origens\\\/\"]}]},{\"@type\":\"BreadcrumbList\",\"@id\":\"https:\\\/\\\/vedruna.org\\\/ca\\\/origens\\\/#breadcrumb\",\"itemListElement\":[{\"@type\":\"ListItem\",\"position\":1,\"name\":\"Portada\",\"item\":\"https:\\\/\\\/vedruna.org\\\/ca\\\/\"},{\"@type\":\"ListItem\",\"position\":2,\"name\":\"Or\u00edgens\"}]},{\"@type\":\"WebSite\",\"@id\":\"https:\\\/\\\/vedruna.org\\\/ca\\\/#website\",\"url\":\"https:\\\/\\\/vedruna.org\\\/ca\\\/\",\"name\":\"Carmelitas de la Caridad Vedruna\",\"description\":\"Carmelitas de la caridad\",\"publisher\":{\"@id\":\"https:\\\/\\\/vedruna.org\\\/ca\\\/#organization\"},\"potentialAction\":[{\"@type\":\"SearchAction\",\"target\":{\"@type\":\"EntryPoint\",\"urlTemplate\":\"https:\\\/\\\/vedruna.org\\\/ca\\\/?s={search_term_string}\"},\"query-input\":{\"@type\":\"PropertyValueSpecification\",\"valueRequired\":true,\"valueName\":\"search_term_string\"}}],\"inLanguage\":\"ca\"},{\"@type\":\"Organization\",\"@id\":\"https:\\\/\\\/vedruna.org\\\/ca\\\/#organization\",\"name\":\"Carmelitas de la caridad Vedruna\",\"url\":\"https:\\\/\\\/vedruna.org\\\/ca\\\/\",\"logo\":{\"@type\":\"ImageObject\",\"inLanguage\":\"ca\",\"@id\":\"https:\\\/\\\/vedruna.org\\\/ca\\\/#\\\/schema\\\/logo\\\/image\\\/\",\"url\":\"https:\\\/\\\/vedruna.org\\\/wp-content\\\/uploads\\\/2022\\\/04\\\/LOGO-VEDRUNA-HORIZONTAL.png\",\"contentUrl\":\"https:\\\/\\\/vedruna.org\\\/wp-content\\\/uploads\\\/2022\\\/04\\\/LOGO-VEDRUNA-HORIZONTAL.png\",\"width\":1200,\"height\":463,\"caption\":\"Carmelitas de la caridad Vedruna\"},\"image\":{\"@id\":\"https:\\\/\\\/vedruna.org\\\/ca\\\/#\\\/schema\\\/logo\\\/image\\\/\"}}]}<\/script>\n<!-- \/ Yoast SEO plugin. -->","yoast_head_json":{"title":"Or\u00edgens - Carmelitas de la Caridad Vedruna","robots":{"index":"index","follow":"follow","max-snippet":"max-snippet:-1","max-image-preview":"max-image-preview:large","max-video-preview":"max-video-preview:-1"},"canonical":"https:\/\/vedruna.org\/ca\/origens\/","og_locale":"ca_ES","og_type":"article","og_title":"Or\u00edgens - Carmelitas de la Caridad Vedruna","og_description":"Or\u00edgens200 anys servint els m\u00e9s vulnerables Vam n\u00e9ixer a Vic (Barcelona) servint les persones m\u00e9s empobrides i excloses. Avui seguim amb m\u00e9s for\u00e7a per tot el m\u00f3n.Joaquina de Vedruna Des de petit La Fam\u00edlia Vedruna t\u00e9 el seu origen a Joaquina de Vedruna, una dona creient que, moguda pel desig de abra\u00e7ar totes les necessitats [&hellip;]","og_url":"https:\/\/vedruna.org\/ca\/origens\/","og_site_name":"Carmelitas de la Caridad Vedruna","article_modified_time":"2025-09-17T07:58:54+00:00","twitter_card":"summary_large_image","twitter_misc":{"Temps estimat de lectura":"10 minuts"},"schema":{"@context":"https:\/\/schema.org","@graph":[{"@type":"WebPage","@id":"https:\/\/vedruna.org\/ca\/origens\/","url":"https:\/\/vedruna.org\/ca\/origens\/","name":"Or\u00edgens - Carmelitas de la Caridad Vedruna","isPartOf":{"@id":"https:\/\/vedruna.org\/ca\/#website"},"datePublished":"2022-02-09T18:26:57+00:00","dateModified":"2025-09-17T07:58:54+00:00","breadcrumb":{"@id":"https:\/\/vedruna.org\/ca\/origens\/#breadcrumb"},"inLanguage":"ca","potentialAction":[{"@type":"ReadAction","target":["https:\/\/vedruna.org\/ca\/origens\/"]}]},{"@type":"BreadcrumbList","@id":"https:\/\/vedruna.org\/ca\/origens\/#breadcrumb","itemListElement":[{"@type":"ListItem","position":1,"name":"Portada","item":"https:\/\/vedruna.org\/ca\/"},{"@type":"ListItem","position":2,"name":"Or\u00edgens"}]},{"@type":"WebSite","@id":"https:\/\/vedruna.org\/ca\/#website","url":"https:\/\/vedruna.org\/ca\/","name":"Carmelitas de la Caridad Vedruna","description":"Carmelitas de la caridad","publisher":{"@id":"https:\/\/vedruna.org\/ca\/#organization"},"potentialAction":[{"@type":"SearchAction","target":{"@type":"EntryPoint","urlTemplate":"https:\/\/vedruna.org\/ca\/?s={search_term_string}"},"query-input":{"@type":"PropertyValueSpecification","valueRequired":true,"valueName":"search_term_string"}}],"inLanguage":"ca"},{"@type":"Organization","@id":"https:\/\/vedruna.org\/ca\/#organization","name":"Carmelitas de la caridad Vedruna","url":"https:\/\/vedruna.org\/ca\/","logo":{"@type":"ImageObject","inLanguage":"ca","@id":"https:\/\/vedruna.org\/ca\/#\/schema\/logo\/image\/","url":"https:\/\/vedruna.org\/wp-content\/uploads\/2022\/04\/LOGO-VEDRUNA-HORIZONTAL.png","contentUrl":"https:\/\/vedruna.org\/wp-content\/uploads\/2022\/04\/LOGO-VEDRUNA-HORIZONTAL.png","width":1200,"height":463,"caption":"Carmelitas de la caridad Vedruna"},"image":{"@id":"https:\/\/vedruna.org\/ca\/#\/schema\/logo\/image\/"}}]}},"_links":{"self":[{"href":"https:\/\/vedruna.org\/ca\/wp-json\/wp\/v2\/pages\/3917","targetHints":{"allow":["GET"]}}],"collection":[{"href":"https:\/\/vedruna.org\/ca\/wp-json\/wp\/v2\/pages"}],"about":[{"href":"https:\/\/vedruna.org\/ca\/wp-json\/wp\/v2\/types\/page"}],"author":[{"embeddable":true,"href":"https:\/\/vedruna.org\/ca\/wp-json\/wp\/v2\/users\/1"}],"replies":[{"embeddable":true,"href":"https:\/\/vedruna.org\/ca\/wp-json\/wp\/v2\/comments?post=3917"}],"version-history":[{"count":6,"href":"https:\/\/vedruna.org\/ca\/wp-json\/wp\/v2\/pages\/3917\/revisions"}],"predecessor-version":[{"id":27967,"href":"https:\/\/vedruna.org\/ca\/wp-json\/wp\/v2\/pages\/3917\/revisions\/27967"}],"wp:attachment":[{"href":"https:\/\/vedruna.org\/ca\/wp-json\/wp\/v2\/media?parent=3917"}],"curies":[{"name":"wp","href":"https:\/\/api.w.org\/{rel}","templated":true}]}}