{"id":3938,"date":"2022-02-09T19:27:31","date_gmt":"2022-02-09T18:27:31","guid":{"rendered":"https:\/\/vedruna.org\/foc-i-abracada\/"},"modified":"2025-09-17T10:04:08","modified_gmt":"2025-09-17T08:04:08","slug":"foc-i-abracada","status":"publish","type":"page","link":"https:\/\/vedruna.org\/ca\/foc-i-abracada\/","title":{"rendered":"Foc i abra\u00e7ada"},"content":{"rendered":"<p>[et_pb_section fb_built=&#8221;1&#8243; next_background_color=&#8221;#ffffff&#8221; _builder_version=&#8221;4.17.3&#8243; _module_preset=&#8221;default&#8221; use_background_color_gradient=&#8221;on&#8221; background_color_gradient_direction=&#8221;90deg&#8221; background_color_gradient_stops=&#8221;rgba(0,0,0,0.4) 0%|rgba(0,0,0,0) 100%&#8221; background_image=&#8221;https:\/\/vedruna.org\/wp-content\/uploads\/2022\/04\/fuego-1.jpeg&#8221; background_position=&#8221;top_center&#8221; background_blend=&#8221;overlay&#8221; custom_padding=&#8221;20vw||4vw||false|false&#8221; bottom_divider_style=&#8221;ramp&#8221; bottom_divider_flip=&#8221;horizontal&#8221; global_colors_info=&#8221;{}&#8221; da_is_popup=&#8221;off&#8221; da_exit_intent=&#8221;off&#8221; da_has_close=&#8221;on&#8221; da_alt_close=&#8221;off&#8221; da_dark_close=&#8221;off&#8221; da_not_modal=&#8221;on&#8221; da_is_singular=&#8221;off&#8221; da_with_loader=&#8221;off&#8221; da_has_shadow=&#8221;on&#8221; da_disable_devices=&#8221;off|off|off&#8221;][et_pb_row _builder_version=&#8221;4.17.0&#8243; _module_preset=&#8221;default&#8221; global_colors_info=&#8221;{}&#8221;][et_pb_column type=&#8221;4_4&#8243; _builder_version=&#8221;4.17.0&#8243; _module_preset=&#8221;default&#8221; global_colors_info=&#8221;{}&#8221;][et_pb_text _builder_version=&#8221;4.18.0&#8243; _module_preset=&#8221;default&#8221; header_font=&#8221;|700|||||||&#8221; header_text_color=&#8221;#FFFFFF&#8221; header_font_size=&#8221;50px&#8221; header_font_size_tablet=&#8221;36px&#8221; header_font_size_phone=&#8221;30px&#8221; header_font_size_last_edited=&#8221;on|phone&#8221; global_colors_info=&#8221;{}&#8221;]<\/p>\n<h1>Foc i abra\u00e7ada<\/h1>\n<p>[\/et_pb_text][\/et_pb_column][\/et_pb_row][\/et_pb_section][et_pb_section fb_built=&#8221;1&#8243; admin_label=&#8221;About&#8221; _builder_version=&#8221;4.17.0&#8243; background_color_gradient_start=&#8221;#ffffff&#8221; background_color_gradient_end=&#8221;#f4f4f4&#8243; custom_margin=&#8221;||||false|false&#8221; custom_padding=&#8221;6vw||6vw||true|false&#8221; bottom_divider_color=&#8221;#ffffff&#8221; bottom_divider_height=&#8221;10vw&#8221; locked=&#8221;off&#8221; global_colors_info=&#8221;{}&#8221; da_is_popup=&#8221;off&#8221; da_exit_intent=&#8221;off&#8221; da_has_close=&#8221;on&#8221; da_alt_close=&#8221;off&#8221; da_dark_close=&#8221;off&#8221; da_not_modal=&#8221;on&#8221; da_is_singular=&#8221;off&#8221; da_with_loader=&#8221;off&#8221; da_has_shadow=&#8221;on&#8221; da_disable_devices=&#8221;off|off|off&#8221;][et_pb_row _builder_version=&#8221;4.17.1&#8243; custom_padding=&#8221;25px|||||&#8221; animation_style=&#8221;slide&#8221; animation_duration=&#8221;1100ms&#8221; global_colors_info=&#8221;{}&#8221;][et_pb_column type=&#8221;4_4&#8243; _builder_version=&#8221;4.16&#8243; global_colors_info=&#8221;{}&#8221;][et_pb_image src=&#8221;https:\/\/vedruna.org\/wp-content\/uploads\/2022\/04\/estrellaVedruna.png&#8221; title_text=&#8221;estrellaVedruna&#8221; _builder_version=&#8221;4.17.0&#8243; _module_preset=&#8221;default&#8221; width=&#8221;64px&#8221; module_alignment=&#8221;center&#8221; global_colors_info=&#8221;{}&#8221;][\/et_pb_image][et_pb_text _builder_version=&#8221;4.17.3&#8243; text_font=&#8221;||||||||&#8221; text_line_height=&#8221;1.8em&#8221; header_2_font=&#8221;|700|||||||&#8221; header_2_text_color=&#8221;#7F2629&#8243; header_2_font_size=&#8221;36px&#8221; header_5_font=&#8221;|300|||||||&#8221; header_5_text_color=&#8221;#7F2629&#8243; header_5_font_size=&#8221;21px&#8221; text_orientation=&#8221;center&#8221; text_font_size_tablet=&#8221;&#8221; text_font_size_phone=&#8221;14px&#8221; text_font_size_last_edited=&#8221;on|desktop&#8221; global_colors_info=&#8221;{}&#8221;]<\/p>\n<h2>Una fe viva per descobrir D\u00e9u en tot<\/h2>\n<h5><span style=\"font-weight: 400;\">Hem heretat una<\/span> <b>espiritualitat encarnada<\/b> <span style=\"font-weight: 400;\">que ens porta a acollir la vida ia buscar i recon\u00e8ixer-hi la pres\u00e8ncia de D\u00e9u.<\/span> <\/h5>\n<p>[\/et_pb_text][\/et_pb_column][\/et_pb_row][\/et_pb_section][et_pb_section fb_built=&#8221;1&#8243; next_background_color=&#8221;#E0D0A6&#8243; _builder_version=&#8221;4.17.0&#8243; _module_preset=&#8221;default&#8221; custom_margin=&#8221;||||false|false&#8221; custom_padding=&#8221;||0px||false|false&#8221; bottom_divider_style=&#8221;curve&#8221; bottom_divider_height=&#8221;200px&#8221; bottom_divider_arrangement=&#8221;above_content&#8221; global_colors_info=&#8221;{}&#8221; da_is_popup=&#8221;off&#8221; da_exit_intent=&#8221;off&#8221; da_has_close=&#8221;on&#8221; da_alt_close=&#8221;off&#8221; da_dark_close=&#8221;off&#8221; da_not_modal=&#8221;on&#8221; da_is_singular=&#8221;off&#8221; da_with_loader=&#8221;off&#8221; da_has_shadow=&#8221;on&#8221; da_disable_devices=&#8221;off|off|off&#8221;][et_pb_row column_structure=&#8221;3_5,2_5&#8243; make_equal=&#8221;on&#8221; _builder_version=&#8221;4.17.0&#8243; _module_preset=&#8221;default&#8221; global_colors_info=&#8221;{}&#8221;][et_pb_column type=&#8221;3_5&#8243; _builder_version=&#8221;4.17.0&#8243; _module_preset=&#8221;default&#8221; custom_css_main_element=&#8221;margin: auto;&#8221; global_colors_info=&#8221;{}&#8221;][et_pb_text _builder_version=&#8221;4.27.4&#8243; text_font=&#8221;||||||||&#8221; text_line_height=&#8221;1.8em&#8221; header_2_font=&#8221;|700|||||||&#8221; header_2_text_color=&#8221;#7F2629&#8243; header_3_font=&#8221;|300|||||||&#8221; header_3_text_color=&#8221;#7F2629&#8243; header_3_font_size=&#8221;18px&#8221; header_5_font=&#8221;|300|||||||&#8221; header_5_text_color=&#8221;#7F2629&#8243; header_5_font_size=&#8221;21px&#8221; transform_translate=&#8221;0px|-10%&#8221; transform_translate_linked=&#8221;off&#8221; custom_padding=&#8221;||110px||false|false&#8221; animation_style=&#8221;slide&#8221; animation_direction=&#8221;left&#8221; hover_enabled=&#8221;0&#8243; text_font_size_tablet=&#8221;&#8221; text_font_size_phone=&#8221;14px&#8221; text_font_size_last_edited=&#8221;on|desktop&#8221; global_colors_info=&#8221;{}&#8221; sticky_enabled=&#8221;0&#8243;]<\/p>\n<h3>Al costat d&#8217;Ell<\/h3>\n<h2>On la vida fa mal i clama<\/h2>\n<p><span style=\"font-weight: 400;\">Al costat d&#8217;Ell transitem els senders de la m\u00edstica compassiva, d&#8217;<\/span> <i><span style=\"font-weight: 400;\">ulls oberts<\/span><\/i> <span style=\"font-weight: 400;\">i d&#8217;<\/span> <i><span style=\"font-weight: 400;\">abra\u00e7ada solid\u00e0ria<\/span><\/i><span style=\"font-weight: 400;\">, que brolla del foc de l&#8217;amor. Foc que crema i s&#8217;abrasa per la causa de Jes\u00fas i el Regne, <strong>amb passi\u00f3 i alegria<\/strong> , com ho va experimentar Joaquima.<\/span><\/p>\n<p><span style=\"font-weight: 400;\">Vivim amb la certesa i la confian\u00e7a que D\u00e9u habita en cada persona i posa la seva botiga, especialment <strong>entre els qui m\u00e9s pateixen<\/strong> . Ens possibilita romandre en aquelles realitats on la vida fa mal i clama.<\/span><\/p>\n<p>[\/et_pb_text][\/et_pb_column][et_pb_column type=&#8221;2_5&#8243; _builder_version=&#8221;4.17.0&#8243; _module_preset=&#8221;default&#8221; global_colors_info=&#8221;{}&#8221;][et_pb_image src=&#8221;https:\/\/vedruna.org\/wp-content\/uploads\/2021\/12\/vulnerables.png&#8221; title_text=&#8221;vulnerables&#8221; _builder_version=&#8221;4.17.3&#8243; _module_preset=&#8221;default&#8221; transform_translate_linked=&#8221;off&#8221; custom_margin=&#8221;||-20px||false|false&#8221; animation_style=&#8221;fade&#8221; animation_direction=&#8221;bottom&#8221; animation_duration=&#8221;1200ms&#8221; global_colors_info=&#8221;{}&#8221;][\/et_pb_image][\/et_pb_column][\/et_pb_row][\/et_pb_section][et_pb_section fb_built=&#8221;1&#8243; _builder_version=&#8221;4.17.0&#8243; _module_preset=&#8221;default&#8221; background_color=&#8221;#E0D0A6&#8243; custom_padding=&#8221;6vw||0px||false|false&#8221; global_colors_info=&#8221;{}&#8221; da_is_popup=&#8221;off&#8221; da_exit_intent=&#8221;off&#8221; da_has_close=&#8221;on&#8221; da_alt_close=&#8221;off&#8221; da_dark_close=&#8221;off&#8221; da_not_modal=&#8221;on&#8221; da_is_singular=&#8221;off&#8221; da_with_loader=&#8221;off&#8221; da_has_shadow=&#8221;on&#8221; da_disable_devices=&#8221;off|off|off&#8221;][et_pb_row _builder_version=&#8221;4.17.0&#8243; _module_preset=&#8221;default&#8221; global_colors_info=&#8221;{}&#8221;][et_pb_column type=&#8221;4_4&#8243; _builder_version=&#8221;4.17.0&#8243; _module_preset=&#8221;default&#8221; global_colors_info=&#8221;{}&#8221;][et_pb_text _builder_version=&#8221;4.17.3&#8243; text_font=&#8221;||||||||&#8221; text_line_height=&#8221;1.8em&#8221; header_2_font=&#8221;|700|||||||&#8221; header_2_text_color=&#8221;#7F2629&#8243; header_3_font=&#8221;|300|||||||&#8221; header_3_text_color=&#8221;#7F2629&#8243; header_3_font_size=&#8221;18px&#8221; header_5_font=&#8221;|300|||||||&#8221; header_5_text_color=&#8221;#7F2629&#8243; header_5_font_size=&#8221;21px&#8221; text_orientation=&#8221;center&#8221; max_width=&#8221;800px&#8221; module_alignment=&#8221;center&#8221; animation_style=&#8221;slide&#8221; animation_duration=&#8221;1200ms&#8221; text_font_size_tablet=&#8221;&#8221; text_font_size_phone=&#8221;14px&#8221; text_font_size_last_edited=&#8221;on|desktop&#8221; global_colors_info=&#8221;{}&#8221;]<\/p>\n<h3><\/h3>\n<h2>En comunitat<\/h2>\n<p><span style=\"font-weight: 400;\">Experimentem D\u00e9u Pare\/Mare que camina al nostre costat, des de baix, des de dins i des de prop. En aquest itinerari espiritual creem comunitats compromeses <strong>amb la cura de la vida en totes les seves dimensions<\/strong> . All\u00f2 comunitari \u00e9s per a la nostra Fam\u00edlia ess\u00e8ncia i fonament. Des dels inicis vam ser comunitat i avui cada pres\u00e8ncia comunit\u00e0ria Vedruna vol ser una petita llum que, juntament amb altres llums, <strong>anunciem un futur d&#8217;esperan\u00e7a i de vida<\/strong> .<\/span><\/p>\n<p>[\/et_pb_text][\/et_pb_column][\/et_pb_row][\/et_pb_section][et_pb_section fb_built=&#8221;1&#8243; prev_background_color=&#8221;#E0D0A6&#8243; _builder_version=&#8221;4.17.3&#8243; _module_preset=&#8221;default&#8221; background_color=&#8221;#7F2629&#8243; custom_padding=&#8221;8vw||0px||false|false&#8221; top_divider_style=&#8221;ramp&#8221; top_divider_flip=&#8221;horizontal&#8221; global_colors_info=&#8221;{}&#8221; da_is_popup=&#8221;off&#8221; da_exit_intent=&#8221;off&#8221; da_has_close=&#8221;on&#8221; da_alt_close=&#8221;off&#8221; da_dark_close=&#8221;off&#8221; da_not_modal=&#8221;on&#8221; da_is_singular=&#8221;off&#8221; da_with_loader=&#8221;off&#8221; da_has_shadow=&#8221;on&#8221; da_disable_devices=&#8221;off|off|off&#8221;][et_pb_row column_structure=&#8221;2_5,3_5&#8243; _builder_version=&#8221;4.17.3&#8243; _module_preset=&#8221;default&#8221; global_colors_info=&#8221;{}&#8221;][et_pb_column type=&#8221;2_5&#8243; _builder_version=&#8221;4.17.3&#8243; _module_preset=&#8221;default&#8221; global_colors_info=&#8221;{}&#8221;][et_pb_icon font_icon=&#8221;&#xf06c;||fa||900&#8243; icon_color=&#8221;#E0D0A6&#8243; icon_width=&#8221;64px&#8221; _builder_version=&#8221;4.17.3&#8243; _module_preset=&#8221;default&#8221; transform_translate=&#8221;10px|20px&#8221; transform_translate_linked=&#8221;off&#8221; animation_style=&#8221;fade&#8221; animation_duration=&#8221;2000ms&#8221; animation_delay=&#8221;2200ms&#8221; global_colors_info=&#8221;{}&#8221;][\/et_pb_icon][et_pb_icon font_icon=&#8221;&#xf4bd;||fa||900&#8243; icon_color=&#8221;#E0D0A6&#8243; _builder_version=&#8221;4.17.3&#8243; _module_preset=&#8221;default&#8221; transform_translate=&#8221;0px|-50px&#8221; transform_translate_linked=&#8221;off&#8221; custom_margin=&#8221;||||false|false&#8221; custom_padding=&#8221;0px||||false|false&#8221; animation_style=&#8221;fade&#8221; animation_duration=&#8221;2000ms&#8221; animation_delay=&#8221;1500ms&#8221; global_colors_info=&#8221;{}&#8221;][\/et_pb_icon][\/et_pb_column][et_pb_column type=&#8221;3_5&#8243; _builder_version=&#8221;4.17.3&#8243; _module_preset=&#8221;default&#8221; global_colors_info=&#8221;{}&#8221;][et_pb_text _builder_version=&#8221;4.17.3&#8243; text_font=&#8221;||||||||&#8221; text_text_color=&#8221;rgba(255,255,255,0.9)&#8221; text_line_height=&#8221;1.8em&#8221; header_2_font=&#8221;|700|||||||&#8221; header_2_text_color=&#8221;#E0D0A6&#8243; header_3_font=&#8221;|300|||||||&#8221; header_3_text_color=&#8221;#7F2629&#8243; header_3_font_size=&#8221;18px&#8221; header_5_font=&#8221;|300|||||||&#8221; header_5_text_color=&#8221;#7F2629&#8243; header_5_font_size=&#8221;21px&#8221; text_orientation=&#8221;right&#8221; max_width=&#8221;800px&#8221; module_alignment=&#8221;center&#8221; custom_padding=&#8221;||4vw||false|false&#8221; animation_style=&#8221;slide&#8221; animation_direction=&#8221;right&#8221; animation_duration=&#8221;1200ms&#8221; text_font_size_tablet=&#8221;&#8221; text_font_size_phone=&#8221;14px&#8221; text_font_size_last_edited=&#8221;on|desktop&#8221; global_colors_info=&#8221;{}&#8221;]<\/p>\n<h3><\/h3>\n<h2>Amb una espiritualitat integral<\/h2>\n<p><span style=\"font-weight: 400;\">En fidelitat a aquesta experi\u00e8ncia espiritual que brolla del nostre Carisma, volem viure una<\/span> <b>espiritualitat integral<\/b><span style=\"font-weight: 400;\">, que inclou l&#8217;ecologia i la solidaritat global. Conscients que aquest cam\u00ed ens porta a una nova relaci\u00f3 amb D\u00e9u i amb tota la resta, ens posem en sintonia amb la cura de la creaci\u00f3. Ens descobrim dones i homes, que abracem la cura de la Vida, en totes les formes i colors.<\/span><\/p>\n<p>[\/et_pb_text][\/et_pb_column][\/et_pb_row][et_pb_row _builder_version=&#8221;4.17.1&#8243; _module_preset=&#8221;default&#8221; width=&#8221;100%&#8221; max_width=&#8221;3000px&#8221; custom_padding=&#8221;||0px||false|false&#8221; animation_style=&#8221;slide&#8221; animation_direction=&#8221;left&#8221; animation_duration=&#8221;1500ms&#8221; animation_delay=&#8221;500ms&#8221; global_colors_info=&#8221;{}&#8221;][et_pb_column type=&#8221;4_4&#8243; _builder_version=&#8221;4.17.0&#8243; _module_preset=&#8221;default&#8221; global_colors_info=&#8221;{}&#8221;][et_pb_gallery gallery_ids=&#8221;3473,3446,3438,3435&#8243; show_title_and_caption=&#8221;off&#8221; show_pagination=&#8221;off&#8221; zoom_icon_color=&#8221;#7F2629&#8243; hover_overlay_color=&#8221;rgba(224,208,166,0.2)&#8221; _builder_version=&#8221;4.17.3&#8243; _module_preset=&#8221;default&#8221; title_font_size=&#8221;0px&#8221; custom_css_gallery_item=&#8221;margin-right: 0%!important;||width: 25%!important;&#8221; global_colors_info=&#8221;{}&#8221; custom_css_gallery_item_last_edited=&#8221;on|phone&#8221; custom_css_gallery_item_phone=&#8221;width: 50%!important;||margin-bottom: 0px;&#8221; custom_css_gallery_item_tablet=&#8221;margin-right: 0%!important;||width: 25%!important;&#8221;][\/et_pb_gallery][\/et_pb_column][\/et_pb_row][\/et_pb_section]<\/p>\n","protected":false},"excerpt":{"rendered":"<p>Foc i abra\u00e7adaUna fe viva per descobrir D\u00e9u en tot Hem heretat una espiritualitat encarnada que ens porta a acollir la vida ia buscar i recon\u00e8ixer-hi la pres\u00e8ncia de D\u00e9u. Al costat d&#8217;Ell On la vida fa mal i clama Al costat d&#8217;Ell transitem els senders de la m\u00edstica compassiva, d&#8217; ulls oberts i d&#8217; [&hellip;]<\/p>\n","protected":false},"author":1,"featured_media":0,"parent":0,"menu_order":0,"comment_status":"closed","ping_status":"closed","template":"","meta":{"_et_pb_use_builder":"on","_et_pb_old_content":"","_et_gb_content_width":"","pgc_sgb_lightbox_settings":"","footnotes":""},"class_list":["post-3938","page","type-page","status-publish","hentry"],"yoast_head":"<!-- This site is optimized with the Yoast SEO plugin v27.4 - https:\/\/yoast.com\/product\/yoast-seo-wordpress\/ -->\n<title>Foc i abra\u00e7ada - Carmelitas de la Caridad Vedruna<\/title>\n<meta name=\"robots\" content=\"index, follow, max-snippet:-1, max-image-preview:large, max-video-preview:-1\" \/>\n<link rel=\"canonical\" href=\"https:\/\/vedruna.org\/ca\/foc-i-abracada\/\" \/>\n<meta property=\"og:locale\" content=\"ca_ES\" \/>\n<meta property=\"og:type\" content=\"article\" \/>\n<meta property=\"og:title\" content=\"Foc i abra\u00e7ada - Carmelitas de la Caridad Vedruna\" \/>\n<meta property=\"og:description\" content=\"Foc i abra\u00e7adaUna fe viva per descobrir D\u00e9u en tot Hem heretat una espiritualitat encarnada que ens porta a acollir la vida ia buscar i recon\u00e8ixer-hi la pres\u00e8ncia de D\u00e9u. Al costat d&#039;Ell On la vida fa mal i clama Al costat d&#039;Ell transitem els senders de la m\u00edstica compassiva, d&#039; ulls oberts i d&#039; [&hellip;]\" \/>\n<meta property=\"og:url\" content=\"https:\/\/vedruna.org\/ca\/foc-i-abracada\/\" \/>\n<meta property=\"og:site_name\" content=\"Carmelitas de la Caridad Vedruna\" \/>\n<meta property=\"article:modified_time\" content=\"2025-09-17T08:04:08+00:00\" \/>\n<meta name=\"twitter:card\" content=\"summary_large_image\" \/>\n<meta name=\"twitter:label1\" content=\"Temps estimat de lectura\" \/>\n\t<meta name=\"twitter:data1\" content=\"8 minuts\" \/>\n<script type=\"application\/ld+json\" class=\"yoast-schema-graph\">{\"@context\":\"https:\\\/\\\/schema.org\",\"@graph\":[{\"@type\":\"WebPage\",\"@id\":\"https:\\\/\\\/vedruna.org\\\/ca\\\/foc-i-abracada\\\/\",\"url\":\"https:\\\/\\\/vedruna.org\\\/ca\\\/foc-i-abracada\\\/\",\"name\":\"Foc i abra\u00e7ada - Carmelitas de la Caridad Vedruna\",\"isPartOf\":{\"@id\":\"https:\\\/\\\/vedruna.org\\\/ca\\\/#website\"},\"datePublished\":\"2022-02-09T18:27:31+00:00\",\"dateModified\":\"2025-09-17T08:04:08+00:00\",\"breadcrumb\":{\"@id\":\"https:\\\/\\\/vedruna.org\\\/ca\\\/foc-i-abracada\\\/#breadcrumb\"},\"inLanguage\":\"ca\",\"potentialAction\":[{\"@type\":\"ReadAction\",\"target\":[\"https:\\\/\\\/vedruna.org\\\/ca\\\/foc-i-abracada\\\/\"]}]},{\"@type\":\"BreadcrumbList\",\"@id\":\"https:\\\/\\\/vedruna.org\\\/ca\\\/foc-i-abracada\\\/#breadcrumb\",\"itemListElement\":[{\"@type\":\"ListItem\",\"position\":1,\"name\":\"Portada\",\"item\":\"https:\\\/\\\/vedruna.org\\\/ca\\\/\"},{\"@type\":\"ListItem\",\"position\":2,\"name\":\"Foc i abra\u00e7ada\"}]},{\"@type\":\"WebSite\",\"@id\":\"https:\\\/\\\/vedruna.org\\\/ca\\\/#website\",\"url\":\"https:\\\/\\\/vedruna.org\\\/ca\\\/\",\"name\":\"Carmelitas de la Caridad Vedruna\",\"description\":\"Carmelitas de la caridad\",\"publisher\":{\"@id\":\"https:\\\/\\\/vedruna.org\\\/ca\\\/#organization\"},\"potentialAction\":[{\"@type\":\"SearchAction\",\"target\":{\"@type\":\"EntryPoint\",\"urlTemplate\":\"https:\\\/\\\/vedruna.org\\\/ca\\\/?s={search_term_string}\"},\"query-input\":{\"@type\":\"PropertyValueSpecification\",\"valueRequired\":true,\"valueName\":\"search_term_string\"}}],\"inLanguage\":\"ca\"},{\"@type\":\"Organization\",\"@id\":\"https:\\\/\\\/vedruna.org\\\/ca\\\/#organization\",\"name\":\"Carmelitas de la caridad Vedruna\",\"url\":\"https:\\\/\\\/vedruna.org\\\/ca\\\/\",\"logo\":{\"@type\":\"ImageObject\",\"inLanguage\":\"ca\",\"@id\":\"https:\\\/\\\/vedruna.org\\\/ca\\\/#\\\/schema\\\/logo\\\/image\\\/\",\"url\":\"https:\\\/\\\/vedruna.org\\\/wp-content\\\/uploads\\\/2022\\\/04\\\/LOGO-VEDRUNA-HORIZONTAL.png\",\"contentUrl\":\"https:\\\/\\\/vedruna.org\\\/wp-content\\\/uploads\\\/2022\\\/04\\\/LOGO-VEDRUNA-HORIZONTAL.png\",\"width\":1200,\"height\":463,\"caption\":\"Carmelitas de la caridad Vedruna\"},\"image\":{\"@id\":\"https:\\\/\\\/vedruna.org\\\/ca\\\/#\\\/schema\\\/logo\\\/image\\\/\"}}]}<\/script>\n<!-- \/ Yoast SEO plugin. -->","yoast_head_json":{"title":"Foc i abra\u00e7ada - Carmelitas de la Caridad Vedruna","robots":{"index":"index","follow":"follow","max-snippet":"max-snippet:-1","max-image-preview":"max-image-preview:large","max-video-preview":"max-video-preview:-1"},"canonical":"https:\/\/vedruna.org\/ca\/foc-i-abracada\/","og_locale":"ca_ES","og_type":"article","og_title":"Foc i abra\u00e7ada - Carmelitas de la Caridad Vedruna","og_description":"Foc i abra\u00e7adaUna fe viva per descobrir D\u00e9u en tot Hem heretat una espiritualitat encarnada que ens porta a acollir la vida ia buscar i recon\u00e8ixer-hi la pres\u00e8ncia de D\u00e9u. Al costat d'Ell On la vida fa mal i clama Al costat d'Ell transitem els senders de la m\u00edstica compassiva, d' ulls oberts i d' [&hellip;]","og_url":"https:\/\/vedruna.org\/ca\/foc-i-abracada\/","og_site_name":"Carmelitas de la Caridad Vedruna","article_modified_time":"2025-09-17T08:04:08+00:00","twitter_card":"summary_large_image","twitter_misc":{"Temps estimat de lectura":"8 minuts"},"schema":{"@context":"https:\/\/schema.org","@graph":[{"@type":"WebPage","@id":"https:\/\/vedruna.org\/ca\/foc-i-abracada\/","url":"https:\/\/vedruna.org\/ca\/foc-i-abracada\/","name":"Foc i abra\u00e7ada - Carmelitas de la Caridad Vedruna","isPartOf":{"@id":"https:\/\/vedruna.org\/ca\/#website"},"datePublished":"2022-02-09T18:27:31+00:00","dateModified":"2025-09-17T08:04:08+00:00","breadcrumb":{"@id":"https:\/\/vedruna.org\/ca\/foc-i-abracada\/#breadcrumb"},"inLanguage":"ca","potentialAction":[{"@type":"ReadAction","target":["https:\/\/vedruna.org\/ca\/foc-i-abracada\/"]}]},{"@type":"BreadcrumbList","@id":"https:\/\/vedruna.org\/ca\/foc-i-abracada\/#breadcrumb","itemListElement":[{"@type":"ListItem","position":1,"name":"Portada","item":"https:\/\/vedruna.org\/ca\/"},{"@type":"ListItem","position":2,"name":"Foc i abra\u00e7ada"}]},{"@type":"WebSite","@id":"https:\/\/vedruna.org\/ca\/#website","url":"https:\/\/vedruna.org\/ca\/","name":"Carmelitas de la Caridad Vedruna","description":"Carmelitas de la caridad","publisher":{"@id":"https:\/\/vedruna.org\/ca\/#organization"},"potentialAction":[{"@type":"SearchAction","target":{"@type":"EntryPoint","urlTemplate":"https:\/\/vedruna.org\/ca\/?s={search_term_string}"},"query-input":{"@type":"PropertyValueSpecification","valueRequired":true,"valueName":"search_term_string"}}],"inLanguage":"ca"},{"@type":"Organization","@id":"https:\/\/vedruna.org\/ca\/#organization","name":"Carmelitas de la caridad Vedruna","url":"https:\/\/vedruna.org\/ca\/","logo":{"@type":"ImageObject","inLanguage":"ca","@id":"https:\/\/vedruna.org\/ca\/#\/schema\/logo\/image\/","url":"https:\/\/vedruna.org\/wp-content\/uploads\/2022\/04\/LOGO-VEDRUNA-HORIZONTAL.png","contentUrl":"https:\/\/vedruna.org\/wp-content\/uploads\/2022\/04\/LOGO-VEDRUNA-HORIZONTAL.png","width":1200,"height":463,"caption":"Carmelitas de la caridad Vedruna"},"image":{"@id":"https:\/\/vedruna.org\/ca\/#\/schema\/logo\/image\/"}}]}},"_links":{"self":[{"href":"https:\/\/vedruna.org\/ca\/wp-json\/wp\/v2\/pages\/3938","targetHints":{"allow":["GET"]}}],"collection":[{"href":"https:\/\/vedruna.org\/ca\/wp-json\/wp\/v2\/pages"}],"about":[{"href":"https:\/\/vedruna.org\/ca\/wp-json\/wp\/v2\/types\/page"}],"author":[{"embeddable":true,"href":"https:\/\/vedruna.org\/ca\/wp-json\/wp\/v2\/users\/1"}],"replies":[{"embeddable":true,"href":"https:\/\/vedruna.org\/ca\/wp-json\/wp\/v2\/comments?post=3938"}],"version-history":[{"count":6,"href":"https:\/\/vedruna.org\/ca\/wp-json\/wp\/v2\/pages\/3938\/revisions"}],"predecessor-version":[{"id":27997,"href":"https:\/\/vedruna.org\/ca\/wp-json\/wp\/v2\/pages\/3938\/revisions\/27997"}],"wp:attachment":[{"href":"https:\/\/vedruna.org\/ca\/wp-json\/wp\/v2\/media?parent=3938"}],"curies":[{"name":"wp","href":"https:\/\/api.w.org\/{rel}","templated":true}]}}